{"id":818,"date":"2020-12-11T08:56:44","date_gmt":"2020-12-11T07:56:44","guid":{"rendered":"https:\/\/floresentinelle.fr\/?page_id=818"},"modified":"2020-12-11T10:00:59","modified_gmt":"2020-12-11T09:00:59","slug":"suivis","status":"publish","type":"page","link":"https:\/\/floresentinelle.fr\/index.php\/travaux\/suivis\/","title":{"rendered":"Suivis"},"content":{"rendered":"\n<div class=\"wp-block-cover\" style=\"background-image:url(https:\/\/floresentinelle.fr\/wp-content\/uploads\/2020\/06\/bando5-scaled.jpg);background-position:52% 50%;min-height:226px;aspect-ratio:unset;\"><div class=\"wp-block-cover__inner-container is-layout-flow wp-block-cover-is-layout-flow\">\n<p class=\"has-text-align-center has-large-font-size\"><\/p>\n<\/div><\/div>\n\n\n\n<h1 class=\"wp-block-heading\">Suivis<\/h1>\n\n\n\n<h4 class=\"wp-block-heading\">Actuellement, le r\u00e9seau r\u00e9alise \u00e0 l\u2019\u00e9chelle alpine (ou de leur aire des r\u00e9partition) un suivi commun sur 10 esp\u00e8ces :<\/h4>\n\n\n\n<div class=\"wp-block-media-text alignwide has-media-on-the-right is-stacked-on-mobile\"><figure class=\"wp-block-media-text__media\"><a href=\"https:\/\/floresentinelle.fr\/wp-content\/uploads\/2020\/06\/1-Liparis-de-Loesel_GP.jpg\" target=\"_blank\" rel=\"noopener noreferrer\"><img loading=\"lazy\" decoding=\"async\" width=\"1024\" height=\"686\" src=\"https:\/\/floresentinelle.fr\/wp-content\/uploads\/2020\/06\/1-Liparis-de-Loesel_GP-1024x686.jpg\" alt=\"\" class=\"wp-image-498\" srcset=\"https:\/\/floresentinelle.fr\/wp-content\/uploads\/2020\/06\/1-Liparis-de-Loesel_GP-1024x686.jpg 1024w, https:\/\/floresentinelle.fr\/wp-content\/uploads\/2020\/06\/1-Liparis-de-Loesel_GP-300x201.jpg 300w, https:\/\/floresentinelle.fr\/wp-content\/uploads\/2020\/06\/1-Liparis-de-Loesel_GP-768x514.jpg 768w, https:\/\/floresentinelle.fr\/wp-content\/uploads\/2020\/06\/1-Liparis-de-Loesel_GP-1536x1028.jpg 1536w, https:\/\/floresentinelle.fr\/wp-content\/uploads\/2020\/06\/1-Liparis-de-Loesel_GP.jpg 2000w\" sizes=\"auto, (max-width: 1024px) 100vw, 1024px\" \/><\/a><\/figure><div class=\"wp-block-media-text__content\">\n<ul class=\"wp-block-list\"><li><strong>Liparis de Loisel<\/strong><\/li><\/ul>\n<\/div><\/div>\n\n\n\n<div class=\"wp-block-media-text alignwide has-media-on-the-right is-stacked-on-mobile\"><figure class=\"wp-block-media-text__media\"><a href=\"https:\/\/floresentinelle.fr\/wp-content\/uploads\/2020\/06\/2-Potentille-du-Dauphin\u00e9_VB.jpg\" target=\"_blank\" rel=\"noopener noreferrer\"><img loading=\"lazy\" decoding=\"async\" width=\"1024\" height=\"686\" src=\"https:\/\/floresentinelle.fr\/wp-content\/uploads\/2020\/06\/2-Potentille-du-Dauphin\u00e9_VB-1024x686.jpg\" alt=\"\" class=\"wp-image-499\" srcset=\"https:\/\/floresentinelle.fr\/wp-content\/uploads\/2020\/06\/2-Potentille-du-Dauphin\u00e9_VB-1024x686.jpg 1024w, https:\/\/floresentinelle.fr\/wp-content\/uploads\/2020\/06\/2-Potentille-du-Dauphin\u00e9_VB-300x201.jpg 300w, https:\/\/floresentinelle.fr\/wp-content\/uploads\/2020\/06\/2-Potentille-du-Dauphin\u00e9_VB-768x514.jpg 768w, https:\/\/floresentinelle.fr\/wp-content\/uploads\/2020\/06\/2-Potentille-du-Dauphin\u00e9_VB-1536x1028.jpg 1536w, https:\/\/floresentinelle.fr\/wp-content\/uploads\/2020\/06\/2-Potentille-du-Dauphin\u00e9_VB.jpg 2000w\" sizes=\"auto, (max-width: 1024px) 100vw, 1024px\" \/><\/a><\/figure><div class=\"wp-block-media-text__content\">\n<ul class=\"wp-block-list\"><li><strong>Potentille du Dauphin\u00e9<\/strong><\/li><\/ul>\n<\/div><\/div>\n\n\n\n<div class=\"wp-block-media-text alignwide has-media-on-the-right is-stacked-on-mobile\"><figure class=\"wp-block-media-text__media\"><a href=\"https:\/\/floresentinelle.fr\/wp-content\/uploads\/2020\/06\/3-Panicaut-des-Alpes_VB.jpg\" target=\"_blank\" rel=\"noopener noreferrer\"><img loading=\"lazy\" decoding=\"async\" width=\"1024\" height=\"768\" src=\"https:\/\/floresentinelle.fr\/wp-content\/uploads\/2020\/06\/3-Panicaut-des-Alpes_VB-1024x768.jpg\" alt=\"\" class=\"wp-image-500\" srcset=\"https:\/\/floresentinelle.fr\/wp-content\/uploads\/2020\/06\/3-Panicaut-des-Alpes_VB-1024x768.jpg 1024w, https:\/\/floresentinelle.fr\/wp-content\/uploads\/2020\/06\/3-Panicaut-des-Alpes_VB-300x225.jpg 300w, https:\/\/floresentinelle.fr\/wp-content\/uploads\/2020\/06\/3-Panicaut-des-Alpes_VB-768x576.jpg 768w, https:\/\/floresentinelle.fr\/wp-content\/uploads\/2020\/06\/3-Panicaut-des-Alpes_VB-1536x1152.jpg 1536w, https:\/\/floresentinelle.fr\/wp-content\/uploads\/2020\/06\/3-Panicaut-des-Alpes_VB.jpg 2000w\" sizes=\"auto, (max-width: 1024px) 100vw, 1024px\" \/><\/a><\/figure><div class=\"wp-block-media-text__content\">\n<ul class=\"wp-block-list\"><li><strong>Panicaut des Alpes<\/strong><\/li><\/ul>\n<\/div><\/div>\n\n\n\n<div class=\"wp-block-media-text alignwide has-media-on-the-right is-stacked-on-mobile\"><figure class=\"wp-block-media-text__media\"><a href=\"https:\/\/floresentinelle.fr\/wp-content\/uploads\/2020\/06\/4-Serratule_LLegris.jpg\" target=\"_blank\" rel=\"noopener noreferrer\"><img loading=\"lazy\" decoding=\"async\" width=\"1024\" height=\"768\" src=\"https:\/\/floresentinelle.fr\/wp-content\/uploads\/2020\/06\/4-Serratule_LLegris-1024x768.jpg\" alt=\"\" class=\"wp-image-501\" srcset=\"https:\/\/floresentinelle.fr\/wp-content\/uploads\/2020\/06\/4-Serratule_LLegris-1024x768.jpg 1024w, https:\/\/floresentinelle.fr\/wp-content\/uploads\/2020\/06\/4-Serratule_LLegris-300x225.jpg 300w, https:\/\/floresentinelle.fr\/wp-content\/uploads\/2020\/06\/4-Serratule_LLegris-768x576.jpg 768w, https:\/\/floresentinelle.fr\/wp-content\/uploads\/2020\/06\/4-Serratule_LLegris-1536x1152.jpg 1536w, https:\/\/floresentinelle.fr\/wp-content\/uploads\/2020\/06\/4-Serratule_LLegris.jpg 2000w\" sizes=\"auto, (max-width: 1024px) 100vw, 1024px\" \/><\/a><\/figure><div class=\"wp-block-media-text__content\">\n<ul class=\"wp-block-list\"><li><strong>Serratule \u00e0 feuilles de chanvre d\u2019eau<\/strong><\/li><\/ul>\n<\/div><\/div>\n\n\n\n<div class=\"wp-block-media-text alignwide has-media-on-the-right is-stacked-on-mobile\"><figure class=\"wp-block-media-text__media\"><a href=\"https:\/\/floresentinelle.fr\/wp-content\/uploads\/2020\/06\/5-Glaieul-des-marais_GP.jpg\" target=\"_blank\" rel=\"noopener noreferrer\"><img loading=\"lazy\" decoding=\"async\" width=\"1024\" height=\"686\" src=\"https:\/\/floresentinelle.fr\/wp-content\/uploads\/2020\/06\/5-Glaieul-des-marais_GP-1024x686.jpg\" alt=\"\" class=\"wp-image-502\" srcset=\"https:\/\/floresentinelle.fr\/wp-content\/uploads\/2020\/06\/5-Glaieul-des-marais_GP-1024x686.jpg 1024w, https:\/\/floresentinelle.fr\/wp-content\/uploads\/2020\/06\/5-Glaieul-des-marais_GP-300x201.jpg 300w, https:\/\/floresentinelle.fr\/wp-content\/uploads\/2020\/06\/5-Glaieul-des-marais_GP-768x514.jpg 768w, https:\/\/floresentinelle.fr\/wp-content\/uploads\/2020\/06\/5-Glaieul-des-marais_GP-1536x1028.jpg 1536w, https:\/\/floresentinelle.fr\/wp-content\/uploads\/2020\/06\/5-Glaieul-des-marais_GP.jpg 2000w\" sizes=\"auto, (max-width: 1024px) 100vw, 1024px\" \/><\/a><\/figure><div class=\"wp-block-media-text__content\">\n<ul class=\"wp-block-list\"><li><strong>Glaieul des marais<\/strong><\/li><\/ul>\n<\/div><\/div>\n\n\n\n<div class=\"wp-block-media-text alignwide has-media-on-the-right is-stacked-on-mobile\"><figure class=\"wp-block-media-text__media\"><a href=\"https:\/\/floresentinelle.fr\/wp-content\/uploads\/2020\/06\/6-Petit-botryche_VB.jpg\" target=\"_blank\" rel=\"noopener noreferrer\"><img loading=\"lazy\" decoding=\"async\" width=\"1024\" height=\"768\" src=\"https:\/\/floresentinelle.fr\/wp-content\/uploads\/2020\/06\/6-Petit-botryche_VB-1024x768.jpg\" alt=\"\" class=\"wp-image-503\" srcset=\"https:\/\/floresentinelle.fr\/wp-content\/uploads\/2020\/06\/6-Petit-botryche_VB-1024x768.jpg 1024w, https:\/\/floresentinelle.fr\/wp-content\/uploads\/2020\/06\/6-Petit-botryche_VB-300x225.jpg 300w, https:\/\/floresentinelle.fr\/wp-content\/uploads\/2020\/06\/6-Petit-botryche_VB-768x576.jpg 768w, https:\/\/floresentinelle.fr\/wp-content\/uploads\/2020\/06\/6-Petit-botryche_VB-1536x1152.jpg 1536w, https:\/\/floresentinelle.fr\/wp-content\/uploads\/2020\/06\/6-Petit-botryche_VB.jpg 2000w\" sizes=\"auto, (max-width: 1024px) 100vw, 1024px\" \/><\/a><\/figure><div class=\"wp-block-media-text__content\">\n<ul class=\"wp-block-list\"><li><strong>Petit botryche<\/strong><\/li><\/ul>\n<\/div><\/div>\n\n\n\n<div class=\"wp-block-media-text alignwide has-media-on-the-right is-stacked-on-mobile\"><figure class=\"wp-block-media-text__media\"><a href=\"https:\/\/floresentinelle.fr\/wp-content\/uploads\/2020\/06\/7-Violette-naine_SH.jpg\" target=\"_blank\" rel=\"noopener noreferrer\"><img loading=\"lazy\" decoding=\"async\" width=\"1024\" height=\"768\" src=\"https:\/\/floresentinelle.fr\/wp-content\/uploads\/2020\/06\/7-Violette-naine_SH-1024x768.jpg\" alt=\"\" class=\"wp-image-504\" srcset=\"https:\/\/floresentinelle.fr\/wp-content\/uploads\/2020\/06\/7-Violette-naine_SH-1024x768.jpg 1024w, https:\/\/floresentinelle.fr\/wp-content\/uploads\/2020\/06\/7-Violette-naine_SH-300x225.jpg 300w, https:\/\/floresentinelle.fr\/wp-content\/uploads\/2020\/06\/7-Violette-naine_SH-768x576.jpg 768w, https:\/\/floresentinelle.fr\/wp-content\/uploads\/2020\/06\/7-Violette-naine_SH-1536x1152.jpg 1536w, https:\/\/floresentinelle.fr\/wp-content\/uploads\/2020\/06\/7-Violette-naine_SH.jpg 2000w\" sizes=\"auto, (max-width: 1024px) 100vw, 1024px\" \/><\/a><\/figure><div class=\"wp-block-media-text__content\">\n<ul class=\"wp-block-list\"><li><strong>Violette naine<\/strong><\/li><\/ul>\n<\/div><\/div>\n\n\n\n<div class=\"wp-block-media-text alignwide has-media-on-the-right is-stacked-on-mobile\"><figure class=\"wp-block-media-text__media\"><a href=\"https:\/\/floresentinelle.fr\/wp-content\/uploads\/2020\/06\/8-Chiendent-pectine_SB.jpg\" target=\"_blank\" rel=\"noopener noreferrer\"><img loading=\"lazy\" decoding=\"async\" width=\"1024\" height=\"768\" src=\"https:\/\/floresentinelle.fr\/wp-content\/uploads\/2020\/06\/8-Chiendent-pectine_SB-1024x768.jpg\" alt=\"\" class=\"wp-image-505\" srcset=\"https:\/\/floresentinelle.fr\/wp-content\/uploads\/2020\/06\/8-Chiendent-pectine_SB-1024x768.jpg 1024w, https:\/\/floresentinelle.fr\/wp-content\/uploads\/2020\/06\/8-Chiendent-pectine_SB-300x225.jpg 300w, https:\/\/floresentinelle.fr\/wp-content\/uploads\/2020\/06\/8-Chiendent-pectine_SB-768x576.jpg 768w, https:\/\/floresentinelle.fr\/wp-content\/uploads\/2020\/06\/8-Chiendent-pectine_SB-1536x1152.jpg 1536w, https:\/\/floresentinelle.fr\/wp-content\/uploads\/2020\/06\/8-Chiendent-pectine_SB.jpg 2000w\" sizes=\"auto, (max-width: 1024px) 100vw, 1024px\" \/><\/a><\/figure><div class=\"wp-block-media-text__content\">\n<ul class=\"wp-block-list\"><li><strong>Chiendent pectin\u00e9<\/strong><\/li><\/ul>\n<\/div><\/div>\n\n\n\n<div class=\"wp-block-media-text alignwide has-media-on-the-right is-stacked-on-mobile\"><figure class=\"wp-block-media-text__media\"><a href=\"https:\/\/floresentinelle.fr\/wp-content\/uploads\/2020\/06\/9-Trefle-des-rochers_VB.jpg\" target=\"_blank\" rel=\"noopener noreferrer\"><img loading=\"lazy\" decoding=\"async\" width=\"1024\" height=\"686\" src=\"https:\/\/floresentinelle.fr\/wp-content\/uploads\/2020\/06\/9-Trefle-des-rochers_VB-1024x686.jpg\" alt=\"\" class=\"wp-image-506\" srcset=\"https:\/\/floresentinelle.fr\/wp-content\/uploads\/2020\/06\/9-Trefle-des-rochers_VB-1024x686.jpg 1024w, https:\/\/floresentinelle.fr\/wp-content\/uploads\/2020\/06\/9-Trefle-des-rochers_VB-300x201.jpg 300w, https:\/\/floresentinelle.fr\/wp-content\/uploads\/2020\/06\/9-Trefle-des-rochers_VB-768x514.jpg 768w, https:\/\/floresentinelle.fr\/wp-content\/uploads\/2020\/06\/9-Trefle-des-rochers_VB-1536x1028.jpg 1536w, https:\/\/floresentinelle.fr\/wp-content\/uploads\/2020\/06\/9-Trefle-des-rochers_VB.jpg 2000w\" sizes=\"auto, (max-width: 1024px) 100vw, 1024px\" \/><\/a><\/figure><div class=\"wp-block-media-text__content\">\n<ul class=\"wp-block-list\"><li><strong>Tr\u00e8fle des rochers<\/strong><\/li><\/ul>\n<\/div><\/div>\n\n\n\n<div class=\"wp-block-media-text alignwide has-media-on-the-right is-stacked-on-mobile\"><figure class=\"wp-block-media-text__media\"><a href=\"https:\/\/floresentinelle.fr\/wp-content\/uploads\/2020\/06\/10-Astragale-queue-de-renard_VB.jpg\" target=\"_blank\" rel=\"noopener noreferrer\"><img loading=\"lazy\" decoding=\"async\" width=\"1024\" height=\"768\" src=\"https:\/\/floresentinelle.fr\/wp-content\/uploads\/2020\/06\/10-Astragale-queue-de-renard_VB-1024x768.jpg\" alt=\"\" class=\"wp-image-507\" srcset=\"https:\/\/floresentinelle.fr\/wp-content\/uploads\/2020\/06\/10-Astragale-queue-de-renard_VB-1024x768.jpg 1024w, https:\/\/floresentinelle.fr\/wp-content\/uploads\/2020\/06\/10-Astragale-queue-de-renard_VB-300x225.jpg 300w, https:\/\/floresentinelle.fr\/wp-content\/uploads\/2020\/06\/10-Astragale-queue-de-renard_VB-768x576.jpg 768w, https:\/\/floresentinelle.fr\/wp-content\/uploads\/2020\/06\/10-Astragale-queue-de-renard_VB-1536x1152.jpg 1536w, https:\/\/floresentinelle.fr\/wp-content\/uploads\/2020\/06\/10-Astragale-queue-de-renard_VB.jpg 2000w\" sizes=\"auto, (max-width: 1024px) 100vw, 1024px\" \/><\/a><\/figure><div class=\"wp-block-media-text__content\">\n<ul class=\"wp-block-list\"><li><strong>Astragale queue de renard<\/strong><\/li><\/ul>\n<\/div><\/div>\n\n\n\n<h4 class=\"wp-block-heading\"><strong>&nbsp;<\/strong>et 4 habitats&nbsp;:<\/h4>\n\n\n\n<div class=\"wp-block-media-text alignwide has-media-on-the-right is-stacked-on-mobile\"><figure class=\"wp-block-media-text__media\"><a href=\"https:\/\/floresentinelle.fr\/wp-content\/uploads\/2020\/06\/11-Bas-marais-artico-alpin_LG.jpg\" target=\"_blank\" rel=\"noopener noreferrer\"><img loading=\"lazy\" decoding=\"async\" width=\"1024\" height=\"678\" src=\"https:\/\/floresentinelle.fr\/wp-content\/uploads\/2020\/06\/11-Bas-marais-artico-alpin_LG-1024x678.jpg\" alt=\"\" class=\"wp-image-508\" srcset=\"https:\/\/floresentinelle.fr\/wp-content\/uploads\/2020\/06\/11-Bas-marais-artico-alpin_LG-1024x678.jpg 1024w, https:\/\/floresentinelle.fr\/wp-content\/uploads\/2020\/06\/11-Bas-marais-artico-alpin_LG-300x199.jpg 300w, https:\/\/floresentinelle.fr\/wp-content\/uploads\/2020\/06\/11-Bas-marais-artico-alpin_LG-768x509.jpg 768w, https:\/\/floresentinelle.fr\/wp-content\/uploads\/2020\/06\/11-Bas-marais-artico-alpin_LG-1536x1018.jpg 1536w, https:\/\/floresentinelle.fr\/wp-content\/uploads\/2020\/06\/11-Bas-marais-artico-alpin_LG.jpg 2000w\" sizes=\"auto, (max-width: 1024px) 100vw, 1024px\" \/><\/a><\/figure><div class=\"wp-block-media-text__content\">\n<ul class=\"wp-block-list\"><li><strong>Bas marais artico-alpin<\/strong><\/li><\/ul>\n<\/div><\/div>\n\n\n\n<div class=\"wp-block-media-text alignwide has-media-on-the-right is-stacked-on-mobile\"><figure class=\"wp-block-media-text__media\"><a href=\"https:\/\/floresentinelle.fr\/wp-content\/uploads\/2020\/06\/12-eboulis-froid-LG.jpg\" target=\"_blank\" rel=\"noopener noreferrer\"><img loading=\"lazy\" decoding=\"async\" width=\"1024\" height=\"678\" src=\"https:\/\/floresentinelle.fr\/wp-content\/uploads\/2020\/06\/12-eboulis-froid-LG-1024x678.jpg\" alt=\"\" class=\"wp-image-509\" srcset=\"https:\/\/floresentinelle.fr\/wp-content\/uploads\/2020\/06\/12-eboulis-froid-LG-1024x678.jpg 1024w, https:\/\/floresentinelle.fr\/wp-content\/uploads\/2020\/06\/12-eboulis-froid-LG-300x199.jpg 300w, https:\/\/floresentinelle.fr\/wp-content\/uploads\/2020\/06\/12-eboulis-froid-LG-768x509.jpg 768w, https:\/\/floresentinelle.fr\/wp-content\/uploads\/2020\/06\/12-eboulis-froid-LG-1536x1018.jpg 1536w, https:\/\/floresentinelle.fr\/wp-content\/uploads\/2020\/06\/12-eboulis-froid-LG.jpg 2000w\" sizes=\"auto, (max-width: 1024px) 100vw, 1024px\" \/><\/a><\/figure><div class=\"wp-block-media-text__content\">\n<ul class=\"wp-block-list\"><li><strong>Eboulis froids ventil\u00e9s<\/strong><\/li><\/ul>\n<\/div><\/div>\n\n\n\n<div class=\"wp-block-media-text alignwide has-media-on-the-right is-stacked-on-mobile\"><figure class=\"wp-block-media-text__media\"><a href=\"https:\/\/floresentinelle.fr\/wp-content\/uploads\/2020\/06\/13-messicoles_SA.jpg\" target=\"_blank\" rel=\"noopener noreferrer\"><img loading=\"lazy\" decoding=\"async\" width=\"1024\" height=\"768\" src=\"https:\/\/floresentinelle.fr\/wp-content\/uploads\/2020\/06\/13-messicoles_SA-1024x768.jpg\" alt=\"\" class=\"wp-image-510\" srcset=\"https:\/\/floresentinelle.fr\/wp-content\/uploads\/2020\/06\/13-messicoles_SA-1024x768.jpg 1024w, https:\/\/floresentinelle.fr\/wp-content\/uploads\/2020\/06\/13-messicoles_SA-300x225.jpg 300w, https:\/\/floresentinelle.fr\/wp-content\/uploads\/2020\/06\/13-messicoles_SA-768x576.jpg 768w, https:\/\/floresentinelle.fr\/wp-content\/uploads\/2020\/06\/13-messicoles_SA-1536x1152.jpg 1536w, https:\/\/floresentinelle.fr\/wp-content\/uploads\/2020\/06\/13-messicoles_SA.jpg 2000w\" sizes=\"auto, (max-width: 1024px) 100vw, 1024px\" \/><\/a><\/figure><div class=\"wp-block-media-text__content\">\n<ul class=\"wp-block-list\"><li><strong>Messicoles<\/strong><\/li><\/ul>\n<\/div><\/div>\n\n\n\n<div class=\"wp-block-media-text alignwide has-media-on-the-right is-stacked-on-mobile\"><figure class=\"wp-block-media-text__media\"><a href=\"https:\/\/floresentinelle.fr\/wp-content\/uploads\/2020\/06\/14-combe-a-neige.jpg\" target=\"_blank\" rel=\"noopener noreferrer\"><img loading=\"lazy\" decoding=\"async\" width=\"1024\" height=\"768\" src=\"https:\/\/floresentinelle.fr\/wp-content\/uploads\/2020\/06\/14-combe-a-neige-1024x768.jpg\" alt=\"\" class=\"wp-image-511\" srcset=\"https:\/\/floresentinelle.fr\/wp-content\/uploads\/2020\/06\/14-combe-a-neige-1024x768.jpg 1024w, https:\/\/floresentinelle.fr\/wp-content\/uploads\/2020\/06\/14-combe-a-neige-300x225.jpg 300w, https:\/\/floresentinelle.fr\/wp-content\/uploads\/2020\/06\/14-combe-a-neige-768x576.jpg 768w, https:\/\/floresentinelle.fr\/wp-content\/uploads\/2020\/06\/14-combe-a-neige-1536x1152.jpg 1536w, https:\/\/floresentinelle.fr\/wp-content\/uploads\/2020\/06\/14-combe-a-neige.jpg 2000w\" sizes=\"auto, (max-width: 1024px) 100vw, 1024px\" \/><\/a><\/figure><div class=\"wp-block-media-text__content\">\n<ul class=\"wp-block-list\"><li><strong>Combes \u00e0 neige<\/strong><\/li><\/ul>\n<\/div><\/div>\n\n\n\n<div class=\"wp-block-image\"><figure class=\"aligncenter size-large\"><img loading=\"lazy\" decoding=\"async\" width=\"330\" height=\"427\" src=\"https:\/\/floresentinelle.fr\/wp-content\/uploads\/2020\/03\/Relev\u00e9s-Habitat-Caricion-bicoloris-atrofuscae.jpg\" alt=\"\" class=\"wp-image-162\" srcset=\"https:\/\/floresentinelle.fr\/wp-content\/uploads\/2020\/03\/Relev\u00e9s-Habitat-Caricion-bicoloris-atrofuscae.jpg 330w, https:\/\/floresentinelle.fr\/wp-content\/uploads\/2020\/03\/Relev\u00e9s-Habitat-Caricion-bicoloris-atrofuscae-232x300.jpg 232w\" sizes=\"auto, (max-width: 330px) 100vw, 330px\" \/><figcaption>Relev\u00e9s Habitats <em>Caricion bivoloris-atrofuscae<\/em><\/figcaption><\/figure><\/div>\n","protected":false},"excerpt":{"rendered":"<p>Suivis Actuellement, le r\u00e9seau r\u00e9alise \u00e0 l\u2019\u00e9chelle alpine (ou de leur aire des r\u00e9partition) un suivi commun sur 10 esp\u00e8ces : Liparis de Loisel Potentille du Dauphin\u00e9 Panicaut des Alpes Serratule \u00e0 feuilles de chanvre d\u2019eau Glaieul des marais Petit botryche Violette naine Chiendent pectin\u00e9 Tr\u00e8fle des rochers Astragale queue de renard &nbsp;et 4 habitats&nbsp;: [&#8230;]<\/p>\n<p><a class=\"btn btn-secondary understrap-read-more-link\" href=\"https:\/\/floresentinelle.fr\/index.php\/travaux\/suivis\/\">Lire la suite\u2026<span class=\"screen-reader-text\"> from Suivis<\/span><\/a><\/p>\n","protected":false},"author":2,"featured_media":0,"parent":84,"menu_order":0,"comment_status":"closed","ping_status":"closed","template":"page-templates\/both-sidebarspage.php","meta":{"footnotes":""},"class_list":["post-818","page","type-page","status-publish","hentry"],"_links":{"self":[{"href":"https:\/\/floresentinelle.fr\/index.php\/wp-json\/wp\/v2\/pages\/818","targetHints":{"allow":["GET"]}}],"collection":[{"href":"https:\/\/floresentinelle.fr\/index.php\/wp-json\/wp\/v2\/pages"}],"about":[{"href":"https:\/\/floresentinelle.fr\/index.php\/wp-json\/wp\/v2\/types\/page"}],"author":[{"embeddable":true,"href":"https:\/\/floresentinelle.fr\/index.php\/wp-json\/wp\/v2\/users\/2"}],"replies":[{"embeddable":true,"href":"https:\/\/floresentinelle.fr\/index.php\/wp-json\/wp\/v2\/comments?post=818"}],"version-history":[{"count":3,"href":"https:\/\/floresentinelle.fr\/index.php\/wp-json\/wp\/v2\/pages\/818\/revisions"}],"predecessor-version":[{"id":835,"href":"https:\/\/floresentinelle.fr\/index.php\/wp-json\/wp\/v2\/pages\/818\/revisions\/835"}],"up":[{"embeddable":true,"href":"https:\/\/floresentinelle.fr\/index.php\/wp-json\/wp\/v2\/pages\/84"}],"wp:attachment":[{"href":"https:\/\/floresentinelle.fr\/index.php\/wp-json\/wp\/v2\/media?parent=818"}],"curies":[{"name":"wp","href":"https:\/\/api.w.org\/{rel}","templated":true}]}}