{"id":816,"date":"2020-12-11T08:55:40","date_gmt":"2020-12-11T07:55:40","guid":{"rendered":"https:\/\/floresentinelle.fr\/?page_id=816"},"modified":"2020-12-14T16:41:08","modified_gmt":"2020-12-14T15:41:08","slug":"projets","status":"publish","type":"page","link":"https:\/\/floresentinelle.fr\/index.php\/travaux\/projets\/","title":{"rendered":"Projets"},"content":{"rendered":"\n<div class=\"wp-block-cover\" style=\"background-image:url(https:\/\/floresentinelle.fr\/wp-content\/uploads\/2020\/06\/bando5-scaled.jpg);background-position:52% 50%;min-height:226px;aspect-ratio:unset;\"><div class=\"wp-block-cover__inner-container is-layout-flow wp-block-cover-is-layout-flow\">\n<p class=\"has-text-align-center has-large-font-size\"><\/p>\n<\/div><\/div>\n\n\n\n<h1 class=\"wp-block-heading\">Projets<\/h1>\n\n\n\n<p>De nombreux projets sont men\u00e9s dans le cadre du dispositif Flore Sentinelle par les diff\u00e9rents partenaires. Parfois th\u00e9matiques, souvent transversaux, ces diff\u00e9rents projets s\u2019organisent autour des <a href=\"https:\/\/floresentinelle.fr\/index.php\/enjeux\/enjeux\/\" target=\"_blank\" rel=\"noreferrer noopener\">enjeux majeurs<\/a> que sont la conservation, la r\u00e9glementation et la compr\u00e9hension de la r\u00e9ponse aux changements globaux.<\/p>\n\n\n\n<h3 class=\"wp-block-heading\">Projets en cours<\/h3>\n\n\n\n<ul class=\"wp-block-list\"><li><a href=\"https:\/\/www.theses.fr\/s207625\" target=\"_blank\" rel=\"noreferrer noopener\">Ecologie et restauration de la petite massette<\/a><\/li><\/ul>\n\n\n\n<p>Th\u00e8se INRAE de 2018 \u00e0 2021<\/p>\n\n\n\n<ul class=\"wp-block-list\"><li>Evaluer la sant\u00e9 des \u00e9cosyst\u00e8mes face au changement climatique : apports d\u2019une mod\u00e9lisation des relations sol-plante sur \u00e9boulis froids<\/li><\/ul>\n\n\n\n<p>Th\u00e8se INRAE de 2018 \u00e0 2021<\/p>\n\n\n\n<ul class=\"wp-block-list\"><li>\u00ab <a href=\"https:\/\/www.theses.fr\/s228767\" target=\"_blank\" rel=\"noreferrer noopener\">Les plantes sont immobiles et attendent qu&rsquo;on vienne les compter<\/a> \u00bb : confronter mesures in situ, simulations num\u00e9riques et t\u00e9l\u00e9d\u00e9tection pour suivre la dynamique des populations v\u00e9g\u00e9tales<\/li><\/ul>\n\n\n\n<p>Th\u00e8se CEFE en cours<\/p>\n\n\n\n<ul class=\"wp-block-list\"><li><a href=\"http:\/\/www.cbn-alpin.fr\/index.php?option=com_content&amp;view=article&amp;layout=edit&amp;id=322&amp;Itemid=237\" target=\"_blank\" rel=\"noreferrer noopener\">SCALP<\/a>\u00a0 Strat\u00e9gie de conservation de la flore alpine<\/li><\/ul>\n\n\n\n<p>Projet POIA financ\u00e9 par l\u2019Europe et le CGET de 2019 \u00e0 2021<\/p>\n\n\n\n<ul class=\"wp-block-list\"><li><a href=\"https:\/\/www.cbn-alpin.fr\/index.php?option=com_content&amp;view=article&amp;layout=edit&amp;id=325\" target=\"_blank\" rel=\"noreferrer noopener\">RocVeg<\/a> Adaptation des habitats rocheux p\u00e9riglaciaires alpins dans un contexte de changement climatique<\/li><\/ul>\n\n\n\n<p>Projet POIA financ\u00e9 par l\u2019Europe et le CGET de 2019 \u00e0 2021<\/p>\n\n\n\n<ul class=\"wp-block-list\"><li>BIODIVALP, PS 2 <a href=\"http:\/\/www.cbn-alpin.fr\/index.php?option=com_content&amp;view=article&amp;layout=edit&amp;id=327&amp;Itemid=237\" target=\"_blank\" rel=\"noreferrer noopener\">Cobiodiv<\/a><\/li><\/ul>\n\n\n\n<p>Projet PITEM financ\u00e9 par l\u2019Europe en 2019 et 2020<\/p>\n\n\n\n<ul class=\"wp-block-list\"><li>Evolutions g\u00e9omorphologiques r\u00e9centes des milieux alpins occup\u00e9s par le tr\u00e8fle des rochers<\/li><\/ul>\n\n\n\n<p>Th\u00e8se G\u00e9olab de 2019 \u00e0 2022<\/p>\n\n\n\n<ul class=\"wp-block-list\"><li><a rel=\"noreferrer noopener\" href=\"http:\/\/www.cbn-alpin.fr\/index.php?option=com_content&amp;view=article&amp;layout=edit&amp;id=355&amp;Itemid=237\" target=\"_blank\">FlorClim<\/a> Flore alpine et changement climatique<\/li><\/ul>\n\n\n\n<h3 class=\"wp-block-heading\">Projets finalis\u00e9s<\/h3>\n\n\n\n<ul class=\"wp-block-list\"><li>Cr\u00e9ation et Animation du r\u00e9seau Alpes-Ain de conservation de la flore<\/li><\/ul>\n\n\n\n<p>Fonctionnement financ\u00e9&nbsp; par le CGET et des cofinancements R\u00e9gions (PACA\/RA) et certains d\u00e9partements du Territoire d\u2019agr\u00e9ment du CBNA de 2008 \u00e0 2015&nbsp;<\/p>\n\n\n\n<ul class=\"wp-block-list\"><li>Suivi et gestion du glaieul des marais<\/li><\/ul>\n\n\n\n<p>Convention de Biodiversit\u00e9 financ\u00e9e par la R\u00e9gion Rh\u00f4ne-Alpes en 2011-2012<\/p>\n\n\n\n<ul class=\"wp-block-list\"><li><a href=\"http:\/\/www.cbn-alpin.fr\/index.php?option=com_content&amp;view=article&amp;layout=edit&amp;id=191&amp;Itemid=237\" target=\"_blank\" rel=\"noreferrer noopener\">RESEAUFLORE<\/a> Conservation de la flore patrimoniale des Alpes : mise en \u0153uvre par le r\u00e9seau Alpes-Ain de conservation de la flore<\/li><\/ul>\n\n\n\n<p>Projet POIA financ\u00e9 par l\u2019Europe, le CGET, la PACA et la R\u00e9gion Auvergne-Rh\u00f4ne-Alpes de 2016 \u00e0 2018<\/p>\n\n\n\n<ul class=\"wp-block-list\"><li><a href=\"http:\/\/www.cbn-alpin.fr\/index.php?option=com_content&amp;view=article&amp;layout=edit&amp;id=251&amp;Itemid=772\" target=\"_blank\" rel=\"noreferrer noopener\">Alpine seed conservation and research network<\/a>, Diversit\u00e9 ph\u00e9notypique spatio-temporelle du tr\u00e8fle des rochers<\/li><\/ul>\n\n\n\n<p>Projet de recherche financ\u00e9 par Fondation D&amp;C Harding de 2016 \u00e02020<\/p>\n\n\n\n<ul class=\"wp-block-list\"><li><a href=\"http:\/\/www.cbn-alpin.fr\/index.php?option=com_content&amp;view=article&amp;layout=edit&amp;id=352&amp;Itemid=237\" target=\"_blank\" rel=\"noreferrer noopener\">Connaissance conservation et restauration du liparis de loisel<\/a><\/li><\/ul>\n\n\n\n<p>Projet financ\u00e9 par l\u2019AERMC entre 2017 et 2019<\/p>\n\n\n\n<ul class=\"wp-block-list\"><li><a href=\"http:\/\/www.cbn-alpin.fr\/index.php?option=com_content&amp;view=article&amp;layout=edit&amp;id=328&amp;Itemid=237\" target=\"_blank\" rel=\"noreferrer noopener\">Plan de Conservation de la petite massette<\/a><\/li><\/ul>\n\n\n\n<p>Projet financ\u00e9 par l\u2019AERMC entre 2017 et 2019<\/p>\n\n\n\n<ul class=\"wp-block-list\"><li><a href=\"http:\/\/www.cbn-alpin.fr\/index.php?option=com_content&amp;view=article&amp;layout=edit&amp;id=367&amp;Itemid=237\" target=\"_blank\" rel=\"noreferrer noopener\">Adaptation locale du tr\u00e8fle des rochers<\/a><\/li><\/ul>\n\n\n\n<p>Projet financ\u00e9 par l\u2019AERMC et la DREAL PACA entre 2017 et 2020<\/p>\n\n\n\n<ul class=\"wp-block-list\"><li><a href=\"http:\/\/www.za-alpes.org\/Le-projet-Sentinelles-des-Alpes-2018-2020\" target=\"_blank\" rel=\"noreferrer noopener\">SENTINELLES DES ALPES<\/a><\/li><\/ul>\n\n\n\n<p>Projet financ\u00e9 par l\u2019OFB en 2018 et 2019<\/p>\n","protected":false},"excerpt":{"rendered":"<p>Projets De nombreux projets sont men\u00e9s dans le cadre du dispositif Flore Sentinelle par les diff\u00e9rents partenaires. Parfois th\u00e9matiques, souvent transversaux, ces diff\u00e9rents projets s\u2019organisent autour des enjeux majeurs que sont la conservation, la r\u00e9glementation et la compr\u00e9hension de la r\u00e9ponse aux changements globaux. Projets en cours Ecologie et restauration de la petite massette Th\u00e8se [&#8230;]<\/p>\n<p><a class=\"btn btn-secondary understrap-read-more-link\" href=\"https:\/\/floresentinelle.fr\/index.php\/travaux\/projets\/\">Lire la suite\u2026<span class=\"screen-reader-text\"> from Projets<\/span><\/a><\/p>\n","protected":false},"author":2,"featured_media":0,"parent":84,"menu_order":0,"comment_status":"closed","ping_status":"closed","template":"page-templates\/both-sidebarspage.php","meta":{"footnotes":""},"class_list":["post-816","page","type-page","status-publish","hentry"],"_links":{"self":[{"href":"https:\/\/floresentinelle.fr\/index.php\/wp-json\/wp\/v2\/pages\/816","targetHints":{"allow":["GET"]}}],"collection":[{"href":"https:\/\/floresentinelle.fr\/index.php\/wp-json\/wp\/v2\/pages"}],"about":[{"href":"https:\/\/floresentinelle.fr\/index.php\/wp-json\/wp\/v2\/types\/page"}],"author":[{"embeddable":true,"href":"https:\/\/floresentinelle.fr\/index.php\/wp-json\/wp\/v2\/users\/2"}],"replies":[{"embeddable":true,"href":"https:\/\/floresentinelle.fr\/index.php\/wp-json\/wp\/v2\/comments?post=816"}],"version-history":[{"count":10,"href":"https:\/\/floresentinelle.fr\/index.php\/wp-json\/wp\/v2\/pages\/816\/revisions"}],"predecessor-version":[{"id":841,"href":"https:\/\/floresentinelle.fr\/index.php\/wp-json\/wp\/v2\/pages\/816\/revisions\/841"}],"up":[{"embeddable":true,"href":"https:\/\/floresentinelle.fr\/index.php\/wp-json\/wp\/v2\/pages\/84"}],"wp:attachment":[{"href":"https:\/\/floresentinelle.fr\/index.php\/wp-json\/wp\/v2\/media?parent=816"}],"curies":[{"name":"wp","href":"https:\/\/api.w.org\/{rel}","templated":true}]}}