{"id":72,"date":"2020-02-06T15:32:56","date_gmt":"2020-02-06T14:32:56","guid":{"rendered":"https:\/\/floresentinelle.fr\/?page_id=72"},"modified":"2020-06-22T14:15:24","modified_gmt":"2020-06-22T12:15:24","slug":"protocoles","status":"publish","type":"page","link":"https:\/\/floresentinelle.fr\/index.php\/protocoles\/","title":{"rendered":"Protocoles"},"content":{"rendered":"\n<div class=\"wp-block-cover\" style=\"background-image:url(https:\/\/floresentinelle.fr\/wp-content\/uploads\/2020\/06\/bando5-scaled.jpg);background-position:52% 50%;min-height:226px;aspect-ratio:unset;\"><div class=\"wp-block-cover__inner-container is-layout-flow wp-block-cover-is-layout-flow\">\n<p class=\"has-text-align-center has-large-font-size\"><\/p>\n<\/div><\/div>\n\n\n\n<h1 class=\"wp-block-heading\">Protocoles<\/h1>\n\n\n\n<p><strong>Des protocoles communs ont \u00e9t\u00e9 d\u00e9velopp\u00e9s sur les esp\u00e8ces et les habitats, avec une r\u00e9elle pr\u00e9occupation de g\u00e9n\u00e9ricit\u00e9. Ce travail a \u00e9t\u00e9 r\u00e9alis\u00e9 en co-construction entre partenaires, avec des aller-retours r\u00e9guliers entre th\u00e9orie et pratique.<\/strong><\/p>\n\n\n\n<h3 class=\"wp-block-heading\">Esp\u00e8ce et habitats<\/h3>\n\n\n\n<p>Les <strong>protocoles esp\u00e8ces<\/strong> permettent de suivre des esp\u00e8ces identifi\u00e9es par le r\u00e9seau comme \u00e9tant d\u2019int\u00e9r\u00eat&nbsp;et sur la base d\u2019un \u00e9tat des lieux (bilan stationnel) r\u00e9alis\u00e9 au pr\u00e9alable. En fonction de l\u2019\u00e9chelle \u00e0 laquelle on souhaite avoir des r\u00e9sultats de tendance de l\u2019esp\u00e8ce \u00e9tudi\u00e9e, deux protocoles diff\u00e9rents sont appliqu\u00e9s&nbsp;:&nbsp;<\/p>\n\n\n\n<ul class=\"wp-block-list\"><li>\u00e0 l\u2019\u00e9chelle des Alpes on appliquera le suivi territoire ;<\/li><li>\u00e0 l\u2019\u00e9chelle des site<strong> <\/strong>le suivi station.<\/li><\/ul>\n\n\n\n<p>Les <strong>protocoles habitats<\/strong> se d\u00e9clinent \u00e9galement \u00e0 ces deux \u00e9chelles.<\/p>\n\n\n\n<p>Les esp\u00e8ces et habitats suivis ont s\u00e9lectionn\u00e9s en r\u00e9ponse aux trois enjeux majeurs identifi\u00e9s&nbsp;:<\/p>\n\n\n\n<ul class=\"wp-block-list\"><li>r\u00e8glementaire, en se basant sur l\u2019annexe IV de la Directive Habitat ;<\/li><li>conservation, en s\u2019appuyant sur les strat\u00e9gies de conservation r\u00e9gionales (r\u00e9gion Auvergne Rh\u00f4ne-Alpes&nbsp;: Bonnet et al. 2016, R\u00e9gion Sud PACA&nbsp;: Le Berre et al. 2017, 2018 et alpes \u2013 CBNA, en cours) ;<\/li><li>changements globaux selon les opportunit\u00e9s de collaboration de recherche sur le th\u00e8me.<\/li><\/ul>\n\n\n\n<h3 class=\"wp-block-heading\">Suivi territoire<\/h3>\n\n\n\n<p>Le <strong>suivi territoire<\/strong> se base sur un \u00e9chantillonnage de pointages connus de l\u2019esp\u00e8ce ou de l\u2019habitat cibl\u00e9. Sur chaque pointage \u00e9chantillonn\u00e9, des observations sont r\u00e9alis\u00e9es :<\/p>\n\n\n\n<ul class=\"wp-block-list\"><li>pour les esp\u00e8ces, en pr\u00e9sence\/absence de l\u2019esp\u00e8ce sur des mailles de 25mX25m, donnant acc\u00e8s aux donn\u00e9es de :<ul><li>zone de prospection,<\/li><li>aire de pr\u00e9sence,&nbsp;<\/li><li>fr\u00e9quence ;<\/li><\/ul><\/li><li>pour les habitats, en pr\u00e9sence\/absence d\u2019esp\u00e8ces caract\u00e9ristiques au sein d\u2019une maille de 50mX50m ou de 100mX100m, donnant acc\u00e8s aux donn\u00e9es de :<ul><li>pr\u00e9sence\/absence d\u2019esp\u00e8ces caract\u00e9ristiques\/mailles,&nbsp;<\/li><li>fr\u00e9quence\/indice floristique.<\/li><\/ul><\/li><\/ul>\n\n\n\n<p>Les mesures sont r\u00e9alis\u00e9es tous les 3 \u00e0 5 ans par les gestionnaires d\u2019espaces naturels sur leurs sites.<\/p>\n\n\n\n<h3 class=\"wp-block-heading\">Suivi station<\/h3>\n\n\n\n<p>Le <strong>suivi station<\/strong> vise \u00e0 comprendre la dynamique des populations et des compositions v\u00e9g\u00e9tales surune station donn\u00e9e ; il peut \u00eatre r\u00e9pliqu\u00e9 sur plusieurs stations. Sur chaque station, des observations sont r\u00e9alis\u00e9es sur des placettes permanentes&nbsp;:&nbsp;<\/p>\n\n\n\n<ul class=\"wp-block-list\"><li>relev\u00e9s des perturbations, donn\u00e9es de gestion ;<\/li><li>donn\u00e9es environnementales (Temp\u00e9rature, granulom\u00e9trie) ;<\/li><li>(1) pour les esp\u00e8ces, effectifs\/fr\u00e9quence, ;<\/li><li>(2) pour les habitats, relev\u00e9s de v\u00e9g\u00e9tation.<\/li><\/ul>\n\n\n\n<p>Les mesures sont en g\u00e9n\u00e9ral r\u00e9alis\u00e9es annuellement sur une dur\u00e9e limit\u00e9e, par les gestionnaires d\u2019espaces naturels sur leurs sites. Le CBNA peut intervenir en appui si il y a n\u00e9cessit\u00e9 d\u2019une expertise botanique plus pouss\u00e9e.<\/p>\n\n\n\n<p>Le CBNA propose r\u00e9guli\u00e8rement des formations aux participants pour qu\u2019ils puissent \u00eatre en mesure de r\u00e9aliser en toute autonomie les suivis de niveaux territoire et les suivis stations.<\/p>\n\n\n\n<p>Les membres de Flore Sentinelle s\u2019engagent \u00e0 hauteur de leurs moyens dans les suivis et le CBNA en tient compte dans l\u2019\u00e9chantillonnage propos\u00e9.&nbsp;<\/p>\n\n\n\n<h3 class=\"wp-block-heading\">Donn\u00e9es compl\u00e9mentaires<\/h3>\n\n\n\n<p>Des donn\u00e9es compl\u00e9mentaires sont collect\u00e9es afin d\u2019enrichir les analyses des interactions climat-homme-milieu :<\/p>\n\n\n\n<ul class=\"wp-block-list\"><li>&nbsp;<strong>donn\u00e9es m\u00e9t\u00e9orologiques<\/strong> avec le calcul d\u2019indicateurs agro-m\u00e9t\u00e9orologiques ;<\/li><li>donn\u00e9es sur certaines esp\u00e8ces visant \u00e0 \u00e9valuer leur \u00e9tat de conservation (identification des <strong>pratiques et usages<\/strong>, statut foncier dans le cadre du bilan stationnel) ;<\/li><li>donn\u00e9es d\u00e9mographiques ou de traits sur individus localis\u00e9s sur des placettes permanentes ;<\/li><li>biologie mol\u00e9culaire dans le cadre de projets de recherche ;<\/li><li>&#8230;<\/li><\/ul>\n","protected":false},"excerpt":{"rendered":"<p>Protocoles Des protocoles communs ont \u00e9t\u00e9 d\u00e9velopp\u00e9s sur les esp\u00e8ces et les habitats, avec une r\u00e9elle pr\u00e9occupation de g\u00e9n\u00e9ricit\u00e9. Ce travail a \u00e9t\u00e9 r\u00e9alis\u00e9 en co-construction entre partenaires, avec des aller-retours r\u00e9guliers entre th\u00e9orie et pratique. Esp\u00e8ce et habitats Les protocoles esp\u00e8ces permettent de suivre des esp\u00e8ces identifi\u00e9es par le r\u00e9seau comme \u00e9tant d\u2019int\u00e9r\u00eat&nbsp;et sur [&#8230;]<\/p>\n<p><a class=\"btn btn-secondary understrap-read-more-link\" href=\"https:\/\/floresentinelle.fr\/index.php\/protocoles\/\">Lire la suite\u2026<span class=\"screen-reader-text\"> from Protocoles<\/span><\/a><\/p>\n","protected":false},"author":2,"featured_media":0,"parent":0,"menu_order":0,"comment_status":"closed","ping_status":"closed","template":"page-templates\/both-sidebarspage.php","meta":{"footnotes":""},"class_list":["post-72","page","type-page","status-publish","hentry"],"_links":{"self":[{"href":"https:\/\/floresentinelle.fr\/index.php\/wp-json\/wp\/v2\/pages\/72","targetHints":{"allow":["GET"]}}],"collection":[{"href":"https:\/\/floresentinelle.fr\/index.php\/wp-json\/wp\/v2\/pages"}],"about":[{"href":"https:\/\/floresentinelle.fr\/index.php\/wp-json\/wp\/v2\/types\/page"}],"author":[{"embeddable":true,"href":"https:\/\/floresentinelle.fr\/index.php\/wp-json\/wp\/v2\/users\/2"}],"replies":[{"embeddable":true,"href":"https:\/\/floresentinelle.fr\/index.php\/wp-json\/wp\/v2\/comments?post=72"}],"version-history":[{"count":10,"href":"https:\/\/floresentinelle.fr\/index.php\/wp-json\/wp\/v2\/pages\/72\/revisions"}],"predecessor-version":[{"id":790,"href":"https:\/\/floresentinelle.fr\/index.php\/wp-json\/wp\/v2\/pages\/72\/revisions\/790"}],"wp:attachment":[{"href":"https:\/\/floresentinelle.fr\/index.php\/wp-json\/wp\/v2\/media?parent=72"}],"curies":[{"name":"wp","href":"https:\/\/api.w.org\/{rel}","templated":true}]}}