{"id":70,"date":"2020-02-06T15:32:39","date_gmt":"2020-02-06T14:32:39","guid":{"rendered":"https:\/\/floresentinelle.fr\/?page_id=70"},"modified":"2020-06-22T14:13:35","modified_gmt":"2020-06-22T12:13:35","slug":"organisation","status":"publish","type":"page","link":"https:\/\/floresentinelle.fr\/index.php\/fonctionnement\/organisation\/","title":{"rendered":"Organisation"},"content":{"rendered":"\n<div class=\"wp-block-cover\" style=\"background-image:url(https:\/\/floresentinelle.fr\/wp-content\/uploads\/2020\/06\/bando5-scaled.jpg);background-position:52% 50%;min-height:226px;aspect-ratio:unset;\"><div class=\"wp-block-cover__inner-container is-layout-flow wp-block-cover-is-layout-flow\">\n<p class=\"has-text-align-center has-large-font-size\"><\/p>\n<\/div><\/div>\n\n\n\n<h1 class=\"wp-block-heading\">Organisation<\/h1>\n\n\n\n<p class=\"has-text-color has-very-dark-gray-color\"><strong>Avec ses 37 membres, le r\u00e9seau couvre une grande partie des secteurs \u00e0 l\u2019\u00e9chelle des Alpes.<\/strong><\/p>\n\n\n\n<h3 class=\"wp-block-heading\">Une charte pour fonctionner ensemble<\/h3>\n\n\n\n<p>En 2010, une charte de fonctionnement du r\u00e9seau a \u00e9t\u00e9 co-construite en groupe de travail. Elle d\u00e9finit le CBNA comme animateur du dispositif et pr\u00e9cise :<\/p>\n\n\n\n<ul class=\"wp-block-list\"><li>le fonctionnement ;<\/li><li>les objectifs de Flore Sentinelle (\u00e0 l\u2019\u00e9poque r\u00e9seau Alpes-Ain de conservation de la flore) ;<\/li><li>les engagements de ses membres signataires<\/li><\/ul>\n\n\n\n<p><a href=\"http:\/\/www.cbn-alpin-biblio.fr\/GED_CBNA\/194924691210\/BB_22425.pdf\" target=\"_blank\" rel=\"noreferrer noopener\">Voir la charte<\/a><\/p>\n\n\n\n<h3 class=\"wp-block-heading\">Des \u00e9changes \u00e0 tous les niveaux<\/h3>\n\n\n\n<p>Le r\u00e9seau propose \u00e0 chacun de ses membres de participer \u00e0 un ou plusieurs groupes de travail selon son affinit\u00e9 pour les th\u00e9matiques propos\u00e9es. Les \u00e9changes sont alors en groupe restreint.<\/p>\n\n\n\n<p>Occasionnellement, le r\u00e9seau peut se r\u00e9unir pour pr\u00e9senter les r\u00e9sultats de projets en cours (restitution de mi-parcours, finale, etc.).<\/p>\n\n\n\n<p>Le r\u00e9seau se r\u00e9unit \u00e9galement <strong>annuellement <\/strong>pour pr\u00e9senter le bilan de l\u2019ann\u00e9e et travailler sur le programme des ann\u00e9es \u00e0 venir.&nbsp; En 2018 et 2019, Flore Sentinelle a rejoint Alpages Sentinelle, lacs Sentinelle, refuges sentinelles et Orchamp dans le dispositif Sentinelle des Alpes. C\u2019est dans ce cadre que se sont d\u00e9roul\u00e9es les rencontres annuelles.<\/p>\n\n\n\n<p>Le CBNA propose r\u00e9guli\u00e8rement des formations aux participants pour qu\u2019ils puissent \u00eatre en mesure de r\u00e9aliser en toute autonomie les suivis de niveaux territoire et les suivis stations. Les membres de Flore Sentinelle s\u2019engagent \u00e0 hauteur de leurs moyens dans les suivis et le CBNA en tient compte dans l\u2019\u00e9chantillonnage propos\u00e9.<\/p>\n\n\n\n<h3 class=\"wp-block-heading\">Des r\u00e9sultats partag\u00e9s<\/h3>\n\n\n\n<p>D\u2019autre part, le r\u00e9seau poursuit son travail de valorisation des r\u00e9sultats et des outils pour rendre la m\u00e9thodologie accessible \u00e0 un plus grand nombre de structures\/acteurs qui souhaiteraient se l\u2019approprier. La force du dispositif Flore Sentinelle r\u00e9side dans les \u00e9changes entre ses membres et le partage des donn\u00e9es r\u00e9colt\u00e9es dans le cadre des protocoles communs. Ceux-ci sont \u00e9videmment utilisables par tout acteur de la conservation qui est alors invit\u00e9 \u00e0 se pr\u00e9senter aux membres du r\u00e9seau et \u00e0 adh\u00e9rer \u00e0 la charte de fonctionnement.<\/p>\n","protected":false},"excerpt":{"rendered":"<p>Organisation Avec ses 37 membres, le r\u00e9seau couvre une grande partie des secteurs \u00e0 l\u2019\u00e9chelle des Alpes. Une charte pour fonctionner ensemble En 2010, une charte de fonctionnement du r\u00e9seau a \u00e9t\u00e9 co-construite en groupe de travail. Elle d\u00e9finit le CBNA comme animateur du dispositif et pr\u00e9cise : le fonctionnement ; les objectifs de Flore [&#8230;]<\/p>\n<p><a class=\"btn btn-secondary understrap-read-more-link\" href=\"https:\/\/floresentinelle.fr\/index.php\/fonctionnement\/organisation\/\">Lire la suite\u2026<span class=\"screen-reader-text\"> from Organisation<\/span><\/a><\/p>\n","protected":false},"author":2,"featured_media":0,"parent":66,"menu_order":0,"comment_status":"closed","ping_status":"closed","template":"page-templates\/both-sidebarspage.php","meta":{"footnotes":""},"class_list":["post-70","page","type-page","status-publish","hentry"],"_links":{"self":[{"href":"https:\/\/floresentinelle.fr\/index.php\/wp-json\/wp\/v2\/pages\/70","targetHints":{"allow":["GET"]}}],"collection":[{"href":"https:\/\/floresentinelle.fr\/index.php\/wp-json\/wp\/v2\/pages"}],"about":[{"href":"https:\/\/floresentinelle.fr\/index.php\/wp-json\/wp\/v2\/types\/page"}],"author":[{"embeddable":true,"href":"https:\/\/floresentinelle.fr\/index.php\/wp-json\/wp\/v2\/users\/2"}],"replies":[{"embeddable":true,"href":"https:\/\/floresentinelle.fr\/index.php\/wp-json\/wp\/v2\/comments?post=70"}],"version-history":[{"count":12,"href":"https:\/\/floresentinelle.fr\/index.php\/wp-json\/wp\/v2\/pages\/70\/revisions"}],"predecessor-version":[{"id":787,"href":"https:\/\/floresentinelle.fr\/index.php\/wp-json\/wp\/v2\/pages\/70\/revisions\/787"}],"up":[{"embeddable":true,"href":"https:\/\/floresentinelle.fr\/index.php\/wp-json\/wp\/v2\/pages\/66"}],"wp:attachment":[{"href":"https:\/\/floresentinelle.fr\/index.php\/wp-json\/wp\/v2\/media?parent=70"}],"curies":[{"name":"wp","href":"https:\/\/api.w.org\/{rel}","templated":true}]}}