{"id":195,"date":"2020-04-07T09:20:54","date_gmt":"2020-04-07T07:20:54","guid":{"rendered":"https:\/\/floresentinelle.fr\/?page_id=195"},"modified":"2020-06-22T14:14:16","modified_gmt":"2020-06-22T12:14:16","slug":"gestion-des-donnees","status":"publish","type":"page","link":"https:\/\/floresentinelle.fr\/index.php\/fonctionnement\/gestion-des-donnees\/","title":{"rendered":"Gestion des donn\u00e9es"},"content":{"rendered":"\n<div class=\"wp-block-cover\" style=\"background-image:url(https:\/\/floresentinelle.fr\/wp-content\/uploads\/2020\/06\/bando5-scaled.jpg);background-position:52% 50%;min-height:226px;aspect-ratio:unset;\"><div class=\"wp-block-cover__inner-container is-layout-flow wp-block-cover-is-layout-flow\">\n<p class=\"has-text-align-center has-large-font-size\"><\/p>\n<\/div><\/div>\n\n\n\n<h1 class=\"wp-block-heading\">Gestion des donn\u00e9es<\/h1>\n\n\n\n<p>Les bases de donn\u00e9es Flore Sentinelle sont accessibles aux membres (login + mot de passe) pour saisie en ligne sur internet \u00e0 partir d\u2019un portail CMS qui sera disponible d\u00e8s juin 2020. Chaque protocole b\u00e9n\u00e9ficie d\u2019une application qui lui est propre et est d\u00e9velopp\u00e9 dans l\u2019environnement G\u00e9onature v2 \u00a9 PNE.<\/p>\n\n\n\n<div class=\"wp-block-image\"><figure class=\"aligncenter size-large\"><img loading=\"lazy\" decoding=\"async\" width=\"590\" height=\"326\" src=\"https:\/\/floresentinelle.fr\/wp-content\/uploads\/2020\/04\/organisation-systeme-information-flore-sentinelle.jpg\" alt=\"\" class=\"wp-image-204\" srcset=\"https:\/\/floresentinelle.fr\/wp-content\/uploads\/2020\/04\/organisation-systeme-information-flore-sentinelle.jpg 590w, https:\/\/floresentinelle.fr\/wp-content\/uploads\/2020\/04\/organisation-systeme-information-flore-sentinelle-300x166.jpg 300w\" sizes=\"auto, (max-width: 590px) 100vw, 590px\" \/><figcaption><strong>Organisation du syst\u00e8me d\u2019information Flore Sentinelle<\/strong><\/figcaption><\/figure><\/div>\n\n\n\n<p>Ces donn\u00e9es alimenteront les bases de donn\u00e9es des p\u00f4les de donn\u00e9es r\u00e9gionaux sous forme d\u00e9grad\u00e9e \u2013 <a href=\"http:\/\/www.silene.eu\/index.php?cont=accueil\" target=\"_blank\" rel=\"noreferrer noopener\">SILENE<\/a> et <a href=\"https:\/\/pifh.fr\/index.php\" target=\"_blank\" rel=\"noreferrer noopener\">PIFH<\/a> \u2013 et le <a href=\"http:\/\/www.naturefrance.fr\/sinp\/presentation-du-sinp\" target=\"_blank\" rel=\"noreferrer noopener\">SINP<\/a> \u00e0 l\u2019\u00e9chelle nationale .Chaque r\u00e9f\u00e9rent d\u2019organisme a \u00e0 sa charge de v\u00e9rifier et valider les donn\u00e9es saisies. Bien que les donn\u00e9es soient visibles par tous les membres du r\u00e9seau, les extractions de donn\u00e9es et modifications ne sont autoris\u00e9es que sur les donn\u00e9es de son organisme (\u00e0 l\u2019exception du CBNA qui anime le r\u00e9seau et couvre l\u2019ensemble du territoire).<\/p>\n\n\n\n<p>Les donn\u00e9es sont disponibles sur demande motiv\u00e9e aupr\u00e8s du CBNA ou des plateformes r\u00e9gionales.<\/p>\n","protected":false},"excerpt":{"rendered":"<p>Gestion des donn\u00e9es Les bases de donn\u00e9es Flore Sentinelle sont accessibles aux membres (login + mot de passe) pour saisie en ligne sur internet \u00e0 partir d\u2019un portail CMS qui sera disponible d\u00e8s juin 2020. Chaque protocole b\u00e9n\u00e9ficie d\u2019une application qui lui est propre et est d\u00e9velopp\u00e9 dans l\u2019environnement G\u00e9onature v2 \u00a9 PNE. Ces donn\u00e9es [&#8230;]<\/p>\n<p><a class=\"btn btn-secondary understrap-read-more-link\" href=\"https:\/\/floresentinelle.fr\/index.php\/fonctionnement\/gestion-des-donnees\/\">Lire la suite\u2026<span class=\"screen-reader-text\"> from Gestion des donn\u00e9es<\/span><\/a><\/p>\n","protected":false},"author":2,"featured_media":0,"parent":66,"menu_order":0,"comment_status":"closed","ping_status":"closed","template":"page-templates\/both-sidebarspage.php","meta":{"footnotes":""},"class_list":["post-195","page","type-page","status-publish","hentry"],"_links":{"self":[{"href":"https:\/\/floresentinelle.fr\/index.php\/wp-json\/wp\/v2\/pages\/195","targetHints":{"allow":["GET"]}}],"collection":[{"href":"https:\/\/floresentinelle.fr\/index.php\/wp-json\/wp\/v2\/pages"}],"about":[{"href":"https:\/\/floresentinelle.fr\/index.php\/wp-json\/wp\/v2\/types\/page"}],"author":[{"embeddable":true,"href":"https:\/\/floresentinelle.fr\/index.php\/wp-json\/wp\/v2\/users\/2"}],"replies":[{"embeddable":true,"href":"https:\/\/floresentinelle.fr\/index.php\/wp-json\/wp\/v2\/comments?post=195"}],"version-history":[{"count":9,"href":"https:\/\/floresentinelle.fr\/index.php\/wp-json\/wp\/v2\/pages\/195\/revisions"}],"predecessor-version":[{"id":788,"href":"https:\/\/floresentinelle.fr\/index.php\/wp-json\/wp\/v2\/pages\/195\/revisions\/788"}],"up":[{"embeddable":true,"href":"https:\/\/floresentinelle.fr\/index.php\/wp-json\/wp\/v2\/pages\/66"}],"wp:attachment":[{"href":"https:\/\/floresentinelle.fr\/index.php\/wp-json\/wp\/v2\/media?parent=195"}],"curies":[{"name":"wp","href":"https:\/\/api.w.org\/{rel}","templated":true}]}}