{"id":158,"date":"2020-03-11T15:29:53","date_gmt":"2020-03-11T14:29:53","guid":{"rendered":"https:\/\/floresentinelle.fr\/?page_id=158"},"modified":"2021-01-20T16:47:44","modified_gmt":"2021-01-20T15:47:44","slug":"enjeux","status":"publish","type":"page","link":"https:\/\/floresentinelle.fr\/index.php\/enjeux\/enjeux\/","title":{"rendered":"Enjeux"},"content":{"rendered":"\n<div class=\"wp-block-cover\" style=\"background-image:url(https:\/\/floresentinelle.fr\/wp-content\/uploads\/2020\/06\/bando5-scaled.jpg);background-position:52% 50%;min-height:226px;aspect-ratio:unset;\"><div class=\"wp-block-cover__inner-container is-layout-flow wp-block-cover-is-layout-flow\">\n<p class=\"has-text-align-center has-large-font-size\"><\/p>\n<\/div><\/div>\n\n\n\n<h1 class=\"wp-block-heading\">Enjeux<\/h1>\n\n\n\n<h3 class=\"wp-block-heading\">Un dispositif int\u00e9gr\u00e9 autour de 3 enjeux majeurs<\/h3>\n\n\n\n<p>Flore Sentinelle est un dispositif pour la connaissance et la gestion de la flore \u00e0 l\u2019\u00e9chelle des Alpes fran\u00e7aises. Il a pour objectifs l\u2019identification et la compr\u00e9hension des dynamiques des esp\u00e8ces v\u00e9g\u00e9tales et des habitats sentinelles afin de suivre les changements globaux dans les Alpes fran\u00e7aises. Le fonctionnement en r\u00e9seau vise \u00e0 d\u00e9velopper les \u00e9changes et mutualiser les connaissances et les comp\u00e9tences afin de mettre en \u0153uvre des actions concert\u00e9es de pr\u00e9servation de la flore \u00e0 l\u2019\u00e9chelle du territoire alpin.&nbsp;<\/p>\n\n\n\n<p>Les travaux mis en place par le r\u00e9seau &#8211; suivis, travaux, projets de recherche &#8211; r\u00e9pondent aux enjeux suivants&nbsp;:<\/p>\n\n\n\n<ol class=\"wp-block-list\"><li>conservation&nbsp;: \u00e9valuer et limiter l\u2019\u00e9rosion de la biodiversit\u00e9 ;<\/li><li>r\u00e9glementation&nbsp;: contribuer aux politiques publiques sur la biodiversit\u00e9 ;<\/li><li>changements globaux&nbsp;: comprendre l\u2019\u00e9volution des esp\u00e8ces et des habitats alpins en r\u00e9ponse aux changements globaux.<\/li><\/ol>\n\n\n\n<p>Dans un approche int\u00e9grative des \u00e9changes et liens entre climat, homme et biodiversit\u00e9,&nbsp; c\u2019est l\u2019entr\u00e9e \u2018biodiversit\u00e9\u2019 que privil\u00e9gie ce dispositif qui s\u2019attache \u00e0 suivre des esp\u00e8ces et habitat patrimoniaux. N\u00e9anmoins la patrimonialit\u00e9 de ces \u00e9l\u00e9ments tient beaucoup de leur relation avec les \u00e9volutions climatique et d\u2019utilisation des terres (changement des pratiques agricoles) particuli\u00e8rement pr\u00e9gnantes en milieu alpin.<\/p>\n","protected":false},"excerpt":{"rendered":"<p>Enjeux Un dispositif int\u00e9gr\u00e9 autour de 3 enjeux majeurs Flore Sentinelle est un dispositif pour la connaissance et la gestion de la flore \u00e0 l\u2019\u00e9chelle des Alpes fran\u00e7aises. Il a pour objectifs l\u2019identification et la compr\u00e9hension des dynamiques des esp\u00e8ces v\u00e9g\u00e9tales et des habitats sentinelles afin de suivre les changements globaux dans les Alpes fran\u00e7aises. [&#8230;]<\/p>\n<p><a class=\"btn btn-secondary understrap-read-more-link\" href=\"https:\/\/floresentinelle.fr\/index.php\/enjeux\/enjeux\/\">Lire la suite\u2026<span class=\"screen-reader-text\"> from Enjeux<\/span><\/a><\/p>\n","protected":false},"author":2,"featured_media":0,"parent":60,"menu_order":0,"comment_status":"closed","ping_status":"closed","template":"page-templates\/both-sidebarspage.php","meta":{"footnotes":""},"class_list":["post-158","page","type-page","status-publish","hentry"],"_links":{"self":[{"href":"https:\/\/floresentinelle.fr\/index.php\/wp-json\/wp\/v2\/pages\/158","targetHints":{"allow":["GET"]}}],"collection":[{"href":"https:\/\/floresentinelle.fr\/index.php\/wp-json\/wp\/v2\/pages"}],"about":[{"href":"https:\/\/floresentinelle.fr\/index.php\/wp-json\/wp\/v2\/types\/page"}],"author":[{"embeddable":true,"href":"https:\/\/floresentinelle.fr\/index.php\/wp-json\/wp\/v2\/users\/2"}],"replies":[{"embeddable":true,"href":"https:\/\/floresentinelle.fr\/index.php\/wp-json\/wp\/v2\/comments?post=158"}],"version-history":[{"count":58,"href":"https:\/\/floresentinelle.fr\/index.php\/wp-json\/wp\/v2\/pages\/158\/revisions"}],"predecessor-version":[{"id":843,"href":"https:\/\/floresentinelle.fr\/index.php\/wp-json\/wp\/v2\/pages\/158\/revisions\/843"}],"up":[{"embeddable":true,"href":"https:\/\/floresentinelle.fr\/index.php\/wp-json\/wp\/v2\/pages\/60"}],"wp:attachment":[{"href":"https:\/\/floresentinelle.fr\/index.php\/wp-json\/wp\/v2\/media?parent=158"}],"curies":[{"name":"wp","href":"https:\/\/api.w.org\/{rel}","templated":true}]}}