{"id":113,"date":"2020-02-06T15:51:48","date_gmt":"2020-02-06T14:51:48","guid":{"rendered":"https:\/\/floresentinelle.fr\/?page_id=113"},"modified":"2022-03-28T16:44:19","modified_gmt":"2022-03-28T14:44:19","slug":"accueil","status":"publish","type":"page","link":"https:\/\/floresentinelle.fr\/","title":{"rendered":""},"content":{"rendered":"\n<div class=\"wp-block-cover\" style=\"background-image:url(https:\/\/floresentinelle.fr\/wp-content\/uploads\/2020\/06\/20180723_110901-scaled.jpg);background-position:49% 79%;min-height:300px;aspect-ratio:unset;\"><div class=\"wp-block-cover__inner-container is-layout-flow wp-block-cover-is-layout-flow\">\n<p style=\"font-size:72px\" class=\"has-text-align-left\"><strong>LE RESEAU<br>FLORE SENTINELLE<\/strong><\/p>\n\n\n\n<div class=\"wp-block-columns is-layout-flex wp-container-core-columns-is-layout-9d6595d7 wp-block-columns-is-layout-flex\">\n<div class=\"wp-block-column is-layout-flow wp-block-column-is-layout-flow\"><\/div>\n\n\n\n<div class=\"wp-block-column is-layout-flow wp-block-column-is-layout-flow\"><\/div>\n\n\n\n<div class=\"wp-block-column is-layout-flow wp-block-column-is-layout-flow\">\n<p><\/p>\n<\/div>\n<\/div>\n\n\n\n<p><\/p>\n<\/div><\/div>\n\n\n\n<div class=\"wp-block-cover has-background-dim\" style=\"background-color:#126473;min-height:430px;aspect-ratio:unset;\"><div class=\"wp-block-cover__inner-container is-layout-flow wp-block-cover-is-layout-flow\">\n<div class=\"wp-block-columns are-vertically-aligned-center is-layout-flex wp-container-core-columns-is-layout-9d6595d7 wp-block-columns-is-layout-flex\">\n<div class=\"wp-block-column is-vertically-aligned-center is-layout-flow wp-block-column-is-layout-flow\">\n<h3 class=\"has-text-align-left wp-block-heading\"><strong>Identifier et comprendre les dynamiques d\u00e9mographiques des esp\u00e8ces v\u00e9g\u00e9tales et des habitats, sentinelles pour le suivi des changements globaux dans les Alpes fran\u00e7aises.<\/strong><\/h3>\n<\/div>\n\n\n\n<div class=\"wp-block-column is-vertically-aligned-center is-layout-flow wp-block-column-is-layout-flow\">\n<div class=\"wp-block-cover aligncenter has-background-dim\" style=\"background-color:#126473\"><div class=\"wp-block-cover__inner-container is-layout-flow wp-block-cover-is-layout-flow\">\n<h3 class=\"has-text-align-left wp-block-heading\"><strong>Un projet commun pour la connaissance et la gestion de la flore \u00e0 l\u2019\u00e9chelle des Alpes.<\/strong><\/h3>\n\n\n\n<ul class=\"wp-block-list\"><li>un r\u00e9seau d\u2019acteurs sur l\u2019arc alpin fran\u00e7ais sous l\u2019animation du CBNA depuis 2008<\/li><li>d\u00e9velopper les \u00e9changes et mutualiser les connaissances et les comp\u00e9tences afin de mettre en \u0153uvre des actions concert\u00e9es de pr\u00e9servation de la flore et contribuer \u00e0 l\u2019\u00e9laboration d\u2019une vision homog\u00e8ne de la flore \u00e0 l\u2019\u00e9chelle du massif alpin.<\/li><\/ul>\n\n\n\n<p><\/p>\n<\/div><\/div>\n<\/div>\n\n\n\n<div class=\"wp-block-column is-vertically-aligned-center is-layout-flow wp-block-column-is-layout-flow\">\n<div class=\"wp-block-image\"><figure class=\"aligncenter size-large is-resized\"><a href=\"http:\/\/www.cbn-alpin-biblio.fr\/GED_CBNA\/112776893095\/BB_33287.pdf\" target=\"_blank\" rel=\"noopener noreferrer\"><img loading=\"lazy\" decoding=\"async\" src=\"https:\/\/floresentinelle.fr\/wp-content\/uploads\/2020\/03\/bouton-plaquette.jpg\" alt=\"\" class=\"wp-image-178\" width=\"150\" height=\"208\" srcset=\"https:\/\/floresentinelle.fr\/wp-content\/uploads\/2020\/03\/bouton-plaquette.jpg 300w, https:\/\/floresentinelle.fr\/wp-content\/uploads\/2020\/03\/bouton-plaquette-216x300.jpg 216w\" sizes=\"auto, (max-width: 150px) 100vw, 150px\" \/><\/a><figcaption><strong><a rel=\"noreferrer noopener\" href=\"http:\/\/www.cbn-alpin-biblio.fr\/GED_CBNA\/112776893095\/BB_33287.pdf\" target=\"_blank\"><span style=\"color:#ffffff\" class=\"has-inline-color\">T\u00e9l\u00e9charger la plaquette de pr\u00e9sentation<\/span><\/a><\/strong><\/figcaption><\/figure><\/div>\n<\/div>\n<\/div>\n\n\n\n<p><\/p>\n<\/div><\/div>\n\n\n\n<div class=\"wp-block-cover has-background-dim\" style=\"background-color:#afbd4b\"><div class=\"wp-block-cover__inner-container is-layout-flow wp-block-cover-is-layout-flow\">\n<h2 class=\"wp-block-heading\">GALERIE PHOTOS &amp; VIDEOS<\/h2>\n\n\n\n<div class=\"wp-block-columns is-layout-flex wp-container-core-columns-is-layout-9d6595d7 wp-block-columns-is-layout-flex\">\n<div class=\"wp-block-column is-layout-flow wp-block-column-is-layout-flow\">\n<div class=\"wp-block-image is-style-rounded\"><figure class=\"aligncenter size-medium is-resized\"><img loading=\"lazy\" decoding=\"async\" src=\"https:\/\/floresentinelle.fr\/wp-content\/uploads\/2020\/04\/typha-minima-2-225x300.jpg\" alt=\"\" class=\"wp-image-296\" width=\"169\" height=\"225\" srcset=\"https:\/\/floresentinelle.fr\/wp-content\/uploads\/2020\/04\/typha-minima-2-225x300.jpg 225w, https:\/\/floresentinelle.fr\/wp-content\/uploads\/2020\/04\/typha-minima-2.jpg 750w\" sizes=\"auto, (max-width: 169px) 100vw, 169px\" \/><figcaption><em>Typha minima<\/em><\/figcaption><\/figure><\/div>\n<\/div>\n\n\n\n<div class=\"wp-block-column is-layout-flow wp-block-column-is-layout-flow\">\n<div class=\"wp-block-image is-style-rounded\"><figure class=\"aligncenter size-medium is-resized\"><img loading=\"lazy\" decoding=\"async\" src=\"https:\/\/floresentinelle.fr\/wp-content\/uploads\/2020\/04\/transect-225x300.jpg\" alt=\"\" class=\"wp-image-297\" width=\"169\" height=\"225\" srcset=\"https:\/\/floresentinelle.fr\/wp-content\/uploads\/2020\/04\/transect-225x300.jpg 225w, https:\/\/floresentinelle.fr\/wp-content\/uploads\/2020\/04\/transect.jpg 750w\" sizes=\"auto, (max-width: 169px) 100vw, 169px\" \/><figcaption>Suivi sur transect<\/figcaption><\/figure><\/div>\n<\/div>\n\n\n\n<div class=\"wp-block-column is-layout-flow wp-block-column-is-layout-flow\">\n<div class=\"wp-block-image is-style-rounded\"><figure class=\"aligncenter size-medium is-resized\"><img loading=\"lazy\" decoding=\"async\" src=\"https:\/\/floresentinelle.fr\/wp-content\/uploads\/2020\/03\/eryngium-alpinum-225x300.jpg\" alt=\"\" class=\"wp-image-146\" width=\"169\" height=\"225\" srcset=\"https:\/\/floresentinelle.fr\/wp-content\/uploads\/2020\/03\/eryngium-alpinum-225x300.jpg 225w, https:\/\/floresentinelle.fr\/wp-content\/uploads\/2020\/03\/eryngium-alpinum-768x1024.jpg 768w, https:\/\/floresentinelle.fr\/wp-content\/uploads\/2020\/03\/eryngium-alpinum.jpg 1000w\" sizes=\"auto, (max-width: 169px) 100vw, 169px\" \/><figcaption><em>Eryngium alpinum<\/em><\/figcaption><\/figure><\/div>\n<\/div>\n<\/div>\n\n\n<div class=\"wp-bootstrap-blocks-button text-center\">\n\t<a\n\t\thref=\"https:\/\/floresentinelle.fr\/index.php\/galerie-photos\/\"\n\t\t\t\t\t\tclass=\"btn btn-secondary\"\n\t>\n\t\tACCEDER A LA GALERIE\t<\/a>\n<\/div>\n<\/div><\/div>\n\n\n\n<div class=\"wp-block-cover has-background-dim\" style=\"background-color:#126473;min-height:268px;aspect-ratio:unset;\"><div class=\"wp-block-cover__inner-container is-layout-flow wp-block-cover-is-layout-flow\">\n<div class=\"wp-block-group\"><div class=\"wp-block-group__inner-container is-layout-flow wp-block-group-is-layout-flow\">\n<p class=\"has-text-align-left has-large-font-size\">ACCES A LA PLATEFORME TECHNIQUE<\/p>\n<\/div><\/div>\n\n\n<div class=\"wp-bootstrap-blocks-button text-center\">\n\t<a\n\t\thref=\"https:\/\/floresentinelle.fr\/index.php\/ressources\/\"\n\t\t\t\t\t\tclass=\"btn btn-primary\"\n\t>\n\t\tESPACE PRIVE\t<\/a>\n<\/div>\n\n\n\n<p><\/p>\n<\/div><\/div>\n\n\n\n<div class=\"wp-block-image\"><figure class=\"aligncenter size-large\"><img loading=\"lazy\" decoding=\"async\" width=\"1024\" height=\"92\" src=\"https:\/\/floresentinelle.fr\/wp-content\/uploads\/2020\/12\/frizlogos-1024x92.jpg\" alt=\"\" class=\"wp-image-837\" srcset=\"https:\/\/floresentinelle.fr\/wp-content\/uploads\/2020\/12\/frizlogos-1024x92.jpg 1024w, https:\/\/floresentinelle.fr\/wp-content\/uploads\/2020\/12\/frizlogos-300x27.jpg 300w, https:\/\/floresentinelle.fr\/wp-content\/uploads\/2020\/12\/frizlogos-768x69.jpg 768w, https:\/\/floresentinelle.fr\/wp-content\/uploads\/2020\/12\/frizlogos.jpg 1423w\" sizes=\"auto, (max-width: 1024px) 100vw, 1024px\" \/><\/figure><\/div>\n\n\n\n<div class=\"wp-block-group\"><div class=\"wp-block-group__inner-container is-layout-flow wp-block-group-is-layout-flow\"><\/div><\/div>\n\n\n<div class=\"wp-bootstrap-blocks-container container mb-2\">\n\t\n\n<p><\/p>\n\n<\/div>\n\n\n<div class=\"wp-bootstrap-blocks-container container mb-2\">\n\t<\/div>\n\n\n\n<p><\/p>\n","protected":false},"excerpt":{"rendered":"<p> [&#8230;]<\/p>\n<p><a class=\"btn btn-secondary understrap-read-more-link\" href=\"https:\/\/floresentinelle.fr\/\">Lire la suite\u2026<span class=\"screen-reader-text\"> from <\/span><\/a><\/p>\n","protected":false},"author":2,"featured_media":0,"parent":0,"menu_order":0,"comment_status":"closed","ping_status":"closed","template":"page-templates\/fullwidthpage.php","meta":{"footnotes":""},"class_list":["post-113","page","type-page","status-publish","hentry"],"_links":{"self":[{"href":"https:\/\/floresentinelle.fr\/index.php\/wp-json\/wp\/v2\/pages\/113","targetHints":{"allow":["GET"]}}],"collection":[{"href":"https:\/\/floresentinelle.fr\/index.php\/wp-json\/wp\/v2\/pages"}],"about":[{"href":"https:\/\/floresentinelle.fr\/index.php\/wp-json\/wp\/v2\/types\/page"}],"author":[{"embeddable":true,"href":"https:\/\/floresentinelle.fr\/index.php\/wp-json\/wp\/v2\/users\/2"}],"replies":[{"embeddable":true,"href":"https:\/\/floresentinelle.fr\/index.php\/wp-json\/wp\/v2\/comments?post=113"}],"version-history":[{"count":161,"href":"https:\/\/floresentinelle.fr\/index.php\/wp-json\/wp\/v2\/pages\/113\/revisions"}],"predecessor-version":[{"id":857,"href":"https:\/\/floresentinelle.fr\/index.php\/wp-json\/wp\/v2\/pages\/113\/revisions\/857"}],"wp:attachment":[{"href":"https:\/\/floresentinelle.fr\/index.php\/wp-json\/wp\/v2\/media?parent=113"}],"curies":[{"name":"wp","href":"https:\/\/api.w.org\/{rel}","templated":true}]}}